{"id":8,"date":"2021-04-28T05:19:50","date_gmt":"2021-04-28T03:19:50","guid":{"rendered":"http:\/\/bytom.sportrebel.pl\/?page_id=8"},"modified":"2025-11-20T12:16:42","modified_gmt":"2025-11-20T11:16:42","slug":"sportrebel-poznan","status":"publish","type":"page","link":"https:\/\/bytom.sportrebel.pl\/","title":{"rendered":"SportRebel Bytom"},"content":{"rendered":"\n<div class=\"wp-block-group\"><div class=\"wp-block-group__inner-container is-layout-flow wp-block-group-is-layout-flow\">\n<h3 class=\"wp-block-heading title-block uppercase\">SportRebel Bytom<\/h3>\n\n\n\n<div class=\"wp-block-columns orange-panel has-background is-layout-flex wp-container-core-columns-is-layout-9d6595d7 wp-block-columns-is-layout-flex\" style=\"background-color:#ee6119\">\n<div class=\"wp-block-column text-col is-layout-flow wp-block-column-is-layout-flow\" style=\"flex-basis:70%\">\n<h2 class=\"wp-block-heading\">Zapraszamy do specjalistycznego sklepu rolkowo\/\u0142y\u017cwowego SPORTREBEL BYTOM!<\/h2>\n\n\n\n<p>Sklep oferuje najwi\u0119kszy wyb\u00f3r \u0142y\u017cew rekreacyjnych, hokejowych i dla dzieci, takich marek jak <strong>TEMPISH, Bauer, Edea, Risport, Rollerblade.<\/strong><\/p>\n\n\n\n<div class=\"wp-block-buttons is-horizontal is-content-justification-center is-layout-flex wp-container-core-buttons-is-layout-499968f5 wp-block-buttons-is-layout-flex\">\n<div class=\"wp-block-button\"><a class=\"wp-block-button__link wp-element-button\" href=\"https:\/\/www.google.com\/maps\/place\/Sklep+hokejowy%2Frolkowy+SPORTREBEL+Bytom+-+\u0142y\u017cwy,+rolki,+ostrzenie+\u0142y\u017cew\/@50.3484915,18.8927856,15z\/data=!4m6!3m5!1s0x47112dd654de35b3:0x928cfa3f25c075f9!8m2!3d50.3484915!4d18.8927856!16s%2Fg%2F11sff4btz2\">Sprawd\u017a dojazd<\/a><\/div>\n<\/div>\n<\/div>\n\n\n\n<div class=\"wp-block-column is-layout-flow wp-block-column-is-layout-flow\" style=\"flex-basis:30%\">\n<figure class=\"wp-block-image size-medium\"><img loading=\"lazy\" decoding=\"async\" width=\"300\" height=\"233\" src=\"https:\/\/bytom.sportrebel.pl\/wp-content\/uploads\/2025\/11\/6-Lyzwy-figurowe-TEMPISH-Amelia-1300001639_0x850-1-300x233.png\" alt=\"\" class=\"wp-image-412\" style=\"object-fit:cover\" srcset=\"https:\/\/bytom.sportrebel.pl\/wp-content\/uploads\/2025\/11\/6-Lyzwy-figurowe-TEMPISH-Amelia-1300001639_0x850-1-300x233.png 300w, https:\/\/bytom.sportrebel.pl\/wp-content\/uploads\/2025\/11\/6-Lyzwy-figurowe-TEMPISH-Amelia-1300001639_0x850-1-768x598.png 768w, https:\/\/bytom.sportrebel.pl\/wp-content\/uploads\/2025\/11\/6-Lyzwy-figurowe-TEMPISH-Amelia-1300001639_0x850-1.png 830w\" sizes=\"auto, (max-width: 300px) 100vw, 300px\" \/><\/figure>\n\n\n\n<p><\/p>\n<\/div>\n<\/div>\n\n\n\n<h1 class=\"wp-block-heading title-block title-slim\">Du\u017cy wyb\u00f3r rozmiar\u00f3w,<br>fachowa obs\u0142uga<br>i bezpieczne zakupy<\/h1>\n\n\n\n<div class=\"wp-block-columns trzy-obrazki is-layout-flex wp-container-core-columns-is-layout-9d6595d7 wp-block-columns-is-layout-flex\">\n<div class=\"wp-block-column trzy-obrazki-pierwszy is-layout-flow wp-block-column-is-layout-flow\">\n<figure class=\"wp-block-image size-large\"><img loading=\"lazy\" decoding=\"async\" width=\"1024\" height=\"683\" src=\"https:\/\/bytom.sportrebel.pl\/wp-content\/uploads\/2022\/10\/705A4587-1024x683.jpg\" alt=\"\" class=\"wp-image-359\" srcset=\"https:\/\/bytom.sportrebel.pl\/wp-content\/uploads\/2022\/10\/705A4587-1024x683.jpg 1024w, https:\/\/bytom.sportrebel.pl\/wp-content\/uploads\/2022\/10\/705A4587-300x200.jpg 300w, https:\/\/bytom.sportrebel.pl\/wp-content\/uploads\/2022\/10\/705A4587-768x512.jpg 768w, https:\/\/bytom.sportrebel.pl\/wp-content\/uploads\/2022\/10\/705A4587-1536x1024.jpg 1536w, https:\/\/bytom.sportrebel.pl\/wp-content\/uploads\/2022\/10\/705A4587-2048x1365.jpg 2048w\" sizes=\"auto, (max-width: 1024px) 100vw, 1024px\" \/><\/figure>\n<\/div>\n\n\n\n<div class=\"wp-block-column trzy-obrazki-drugi is-layout-flow wp-block-column-is-layout-flow\">\n<figure class=\"wp-block-image size-large\"><img loading=\"lazy\" decoding=\"async\" width=\"1024\" height=\"768\" src=\"https:\/\/bytom.sportrebel.pl\/wp-content\/uploads\/2021\/10\/IMG_0860-1024x768.jpg\" alt=\"\" class=\"wp-image-236\" srcset=\"https:\/\/bytom.sportrebel.pl\/wp-content\/uploads\/2021\/10\/IMG_0860-1024x768.jpg 1024w, https:\/\/bytom.sportrebel.pl\/wp-content\/uploads\/2021\/10\/IMG_0860-300x225.jpg 300w, https:\/\/bytom.sportrebel.pl\/wp-content\/uploads\/2021\/10\/IMG_0860-768x576.jpg 768w, https:\/\/bytom.sportrebel.pl\/wp-content\/uploads\/2021\/10\/IMG_0860-1536x1152.jpg 1536w, https:\/\/bytom.sportrebel.pl\/wp-content\/uploads\/2021\/10\/IMG_0860-2048x1536.jpg 2048w\" sizes=\"auto, (max-width: 1024px) 100vw, 1024px\" \/><\/figure>\n<\/div>\n\n\n\n<div class=\"wp-block-column trzy-obrazki-trzeci is-layout-flow wp-block-column-is-layout-flow\">\n<figure class=\"wp-block-image size-large\"><img loading=\"lazy\" decoding=\"async\" width=\"1024\" height=\"683\" src=\"https:\/\/bytom.sportrebel.pl\/wp-content\/uploads\/2022\/10\/705A4589-1024x683.jpg\" alt=\"\" class=\"wp-image-360\" srcset=\"https:\/\/bytom.sportrebel.pl\/wp-content\/uploads\/2022\/10\/705A4589-1024x683.jpg 1024w, https:\/\/bytom.sportrebel.pl\/wp-content\/uploads\/2022\/10\/705A4589-300x200.jpg 300w, https:\/\/bytom.sportrebel.pl\/wp-content\/uploads\/2022\/10\/705A4589-768x512.jpg 768w, https:\/\/bytom.sportrebel.pl\/wp-content\/uploads\/2022\/10\/705A4589-1536x1024.jpg 1536w, https:\/\/bytom.sportrebel.pl\/wp-content\/uploads\/2022\/10\/705A4589-2048x1365.jpg 2048w\" sizes=\"auto, (max-width: 1024px) 100vw, 1024px\" \/><\/figure>\n<\/div>\n<\/div>\n\n\n\n<h1 class=\"wp-block-heading title-block title-slim\">Je\u015bli masz pytania, <br>skontaktuj si\u0119 z nami!<\/h1>\n\n\n\n<div class=\"wp-block-columns shop-container has-background is-layout-flex wp-container-core-columns-is-layout-9d6595d7 wp-block-columns-is-layout-flex\" style=\"background-color:#f5f6f7\">\n<div class=\"wp-block-column is-layout-flow wp-block-column-is-layout-flow\">\n<h1 class=\"wp-block-heading has-text-align-center\">Zapraszamy<\/h1>\n\n\n\n<p class=\"has-text-align-center\"><a href=\"https:\/\/g.page\/sportrebeltorun?share\" data-type=\"URL\"><br><\/a>Lodowisko im. Braci<br>Nikodemowicz\u00f3w<br><a href=\"https:\/\/goo.gl\/maps\/AVzRjrKm2svUsChF6\" data-type=\"URL\">ul. Kazimierza Pu\u0142askiego 71<\/a><br>Telefon: <a href=\"tel:+48327973526\" data-type=\"tel\">+48 327 973 526<\/a><\/p>\n\n\n\n<h6 class=\"wp-block-heading has-text-align-center\"><strong>BEZP\u0141ATNY PARKING I WYGODNE ZAKUPY<\/strong><\/h6>\n\n\n\n<div class=\"wp-block-buttons is-horizontal is-content-justification-center is-layout-flex wp-container-core-buttons-is-layout-499968f5 wp-block-buttons-is-layout-flex\">\n<div class=\"wp-block-button\"><a class=\"wp-block-button__link wp-element-button\" href=\"https:\/\/www.google.com\/maps\/place\/Sklep+hokejowy%2Frolkowy+SPORTREBEL+Bytom+-+\u0142y\u017cwy,+rolki,+ostrzenie+\u0142y\u017cew\/@50.3484915,18.8927856,15z\/data=!4m6!3m5!1s0x47112dd654de35b3:0x928cfa3f25c075f9!8m2!3d50.3484915!4d18.8927856!16s%2Fg%2F11sff4btz2\">Sprawd\u017a dojazd<\/a><\/div>\n<\/div>\n\n\n\n<p><\/p>\n<\/div>\n\n\n\n<div class=\"wp-block-column is-layout-flow wp-block-column-is-layout-flow\">\n<figure class=\"wp-block-image size-large\"><img loading=\"lazy\" decoding=\"async\" width=\"1024\" height=\"768\" src=\"http:\/\/bytom.sportrebel.pl\/wp-content\/uploads\/2021\/12\/e4119ce4-8934-4cec-b83b-63b5af993d9f-1024x768.jpg\" alt=\"\" class=\"wp-image-333\" srcset=\"https:\/\/bytom.sportrebel.pl\/wp-content\/uploads\/2021\/12\/e4119ce4-8934-4cec-b83b-63b5af993d9f-1024x768.jpg 1024w, https:\/\/bytom.sportrebel.pl\/wp-content\/uploads\/2021\/12\/e4119ce4-8934-4cec-b83b-63b5af993d9f-300x225.jpg 300w, https:\/\/bytom.sportrebel.pl\/wp-content\/uploads\/2021\/12\/e4119ce4-8934-4cec-b83b-63b5af993d9f-768x576.jpg 768w, https:\/\/bytom.sportrebel.pl\/wp-content\/uploads\/2021\/12\/e4119ce4-8934-4cec-b83b-63b5af993d9f-1536x1152.jpg 1536w, https:\/\/bytom.sportrebel.pl\/wp-content\/uploads\/2021\/12\/e4119ce4-8934-4cec-b83b-63b5af993d9f.jpg 1600w\" sizes=\"auto, (max-width: 1024px) 100vw, 1024px\" \/><\/figure>\n<\/div>\n<\/div>\n\n\n\n<div class=\"wp-block-columns orange-panel has-background is-layout-flex wp-container-core-columns-is-layout-9d6595d7 wp-block-columns-is-layout-flex\" style=\"background-color:#ee6119\">\n<div class=\"wp-block-column text-col is-layout-flow wp-block-column-is-layout-flow\" style=\"flex-basis:70%\">\n<h2 class=\"wp-block-heading\"><br>Prowadzimy tak\u017ce wykwalifikowany serwis \u0142y\u017cew, gdzie wykonujemy znakomite ostrzenie na markowych maszynach BLADEMASTER.<br><\/h2>\n\n\n\n<p>Nasz serwis prowadza wykwalifikowani pracownicy, posiadaj\u0105cy wieloletnie do\u015bwiadczenie w ostrzeniu i naprawie \u0142y\u017cew.<\/p>\n\n\n\n<div class=\"wp-block-buttons is-horizontal is-content-justification-center is-layout-flex wp-container-core-buttons-is-layout-499968f5 wp-block-buttons-is-layout-flex\">\n<div class=\"wp-block-button\"><a class=\"wp-block-button__link wp-element-button\" href=\"https:\/\/www.google.com\/maps\/place\/Sklep+hokejowy%2Frolkowy+SPORTREBEL+Bytom+-+\u0142y\u017cwy,+rolki,+ostrzenie+\u0142y\u017cew\/@50.3484915,18.8927856,15z\/data=!4m6!3m5!1s0x47112dd654de35b3:0x928cfa3f25c075f9!8m2!3d50.3484915!4d18.8927856!16s%2Fg%2F11sff4btz2\">Sprawd\u017a dojazd<\/a><\/div>\n<\/div>\n<\/div>\n\n\n\n<div class=\"wp-block-column is-layout-flow wp-block-column-is-layout-flow\" style=\"flex-basis:30%\"><div class=\"wp-block-image\">\n<figure class=\"alignleft size-large\"><img loading=\"lazy\" decoding=\"async\" width=\"1024\" height=\"780\" src=\"https:\/\/bytom.sportrebel.pl\/wp-content\/uploads\/2023\/10\/Jessica-1024x780.webp\" alt=\"\" class=\"wp-image-385\" srcset=\"https:\/\/bytom.sportrebel.pl\/wp-content\/uploads\/2023\/10\/Jessica-1024x780.webp 1024w, https:\/\/bytom.sportrebel.pl\/wp-content\/uploads\/2023\/10\/Jessica-300x228.webp 300w, https:\/\/bytom.sportrebel.pl\/wp-content\/uploads\/2023\/10\/Jessica-768x585.webp 768w, https:\/\/bytom.sportrebel.pl\/wp-content\/uploads\/2023\/10\/Jessica.webp 1141w\" sizes=\"auto, (max-width: 1024px) 100vw, 1024px\" \/><\/figure>\n<\/div>\n\n\n<p><\/p>\n<\/div>\n<\/div>\n\n\n\n<h1 class=\"wp-block-heading title-block title-slim\">Je\u015bli masz pytania, <br>skontaktuj si\u0119 z nami!<\/h1>\n\n\n\n<div class=\"wp-block-columns trzy-obrazki is-layout-flex wp-container-core-columns-is-layout-9d6595d7 wp-block-columns-is-layout-flex\">\n<div class=\"wp-block-column trzy-obrazki-pierwszy is-layout-flow wp-block-column-is-layout-flow\">\n<figure class=\"wp-block-image size-full\"><img loading=\"lazy\" decoding=\"async\" width=\"1707\" height=\"2560\" src=\"https:\/\/bytom.sportrebel.pl\/wp-content\/uploads\/2021\/10\/3TAK-1-scaled.jpg\" alt=\"\" class=\"wp-image-275\" srcset=\"https:\/\/bytom.sportrebel.pl\/wp-content\/uploads\/2021\/10\/3TAK-1-scaled.jpg 1707w, https:\/\/bytom.sportrebel.pl\/wp-content\/uploads\/2021\/10\/3TAK-1-200x300.jpg 200w, https:\/\/bytom.sportrebel.pl\/wp-content\/uploads\/2021\/10\/3TAK-1-683x1024.jpg 683w, https:\/\/bytom.sportrebel.pl\/wp-content\/uploads\/2021\/10\/3TAK-1-768x1152.jpg 768w, https:\/\/bytom.sportrebel.pl\/wp-content\/uploads\/2021\/10\/3TAK-1-1024x1536.jpg 1024w, https:\/\/bytom.sportrebel.pl\/wp-content\/uploads\/2021\/10\/3TAK-1-1365x2048.jpg 1365w\" sizes=\"auto, (max-width: 1707px) 100vw, 1707px\" \/><\/figure>\n<\/div>\n\n\n\n<div class=\"wp-block-column trzy-obrazki-drugi is-layout-flow wp-block-column-is-layout-flow\">\n<figure class=\"wp-block-image size-full\"><img loading=\"lazy\" decoding=\"async\" width=\"2560\" height=\"2560\" src=\"https:\/\/bytom.sportrebel.pl\/wp-content\/uploads\/2021\/10\/2TAK-1-scaled.jpg\" alt=\"\" class=\"wp-image-274\" srcset=\"https:\/\/bytom.sportrebel.pl\/wp-content\/uploads\/2021\/10\/2TAK-1-scaled.jpg 2560w, https:\/\/bytom.sportrebel.pl\/wp-content\/uploads\/2021\/10\/2TAK-1-300x300.jpg 300w, https:\/\/bytom.sportrebel.pl\/wp-content\/uploads\/2021\/10\/2TAK-1-1024x1024.jpg 1024w, https:\/\/bytom.sportrebel.pl\/wp-content\/uploads\/2021\/10\/2TAK-1-150x150.jpg 150w, https:\/\/bytom.sportrebel.pl\/wp-content\/uploads\/2021\/10\/2TAK-1-768x768.jpg 768w, https:\/\/bytom.sportrebel.pl\/wp-content\/uploads\/2021\/10\/2TAK-1-1536x1536.jpg 1536w, https:\/\/bytom.sportrebel.pl\/wp-content\/uploads\/2021\/10\/2TAK-1-2048x2048.jpg 2048w\" sizes=\"auto, (max-width: 2560px) 100vw, 2560px\" \/><\/figure>\n<\/div>\n\n\n\n<div class=\"wp-block-column trzy-obrazki-trzeci is-layout-flow wp-block-column-is-layout-flow\">\n<figure class=\"wp-block-image size-full\"><img loading=\"lazy\" decoding=\"async\" width=\"1707\" height=\"2560\" src=\"https:\/\/bytom.sportrebel.pl\/wp-content\/uploads\/2021\/10\/1TAK-1-scaled.jpg\" alt=\"\" class=\"wp-image-273\" srcset=\"https:\/\/bytom.sportrebel.pl\/wp-content\/uploads\/2021\/10\/1TAK-1-scaled.jpg 1707w, https:\/\/bytom.sportrebel.pl\/wp-content\/uploads\/2021\/10\/1TAK-1-200x300.jpg 200w, https:\/\/bytom.sportrebel.pl\/wp-content\/uploads\/2021\/10\/1TAK-1-683x1024.jpg 683w, https:\/\/bytom.sportrebel.pl\/wp-content\/uploads\/2021\/10\/1TAK-1-768x1152.jpg 768w, https:\/\/bytom.sportrebel.pl\/wp-content\/uploads\/2021\/10\/1TAK-1-1024x1536.jpg 1024w, https:\/\/bytom.sportrebel.pl\/wp-content\/uploads\/2021\/10\/1TAK-1-1365x2048.jpg 1365w\" sizes=\"auto, (max-width: 1707px) 100vw, 1707px\" \/><\/figure>\n<\/div>\n<\/div>\n\n\n\n<h1 class=\"wp-block-heading title-block title-slim\">Odwied\u017a sklep<br>online SPORTREBEL.pl<br>i odbierz zakupy osobi\u015bcie!<\/h1>\n\n\n\n<div class=\"wp-block-columns shop-container shop-reverse has-background is-layout-flex wp-container-core-columns-is-layout-9d6595d7 wp-block-columns-is-layout-flex\" style=\"background-color:#f5f6f7\">\n<div class=\"wp-block-column is-layout-flow wp-block-column-is-layout-flow\">\n<h1 class=\"wp-block-heading has-text-align-center\">Zapraszamy<\/h1>\n\n\n\n<p class=\"has-text-align-center\"><strong>Godziny otwarcia sklepu<\/strong><br>Pn-Pt: 12:00 &#8211; 18:00<\/p>\n\n\n\n<div class=\"wp-block-buttons is-horizontal is-content-justification-center is-layout-flex wp-container-core-buttons-is-layout-499968f5 wp-block-buttons-is-layout-flex\">\n<div class=\"wp-block-button\"><a class=\"wp-block-button__link wp-element-button\" href=\"https:\/\/www.google.com\/maps\/place\/Sklep+hokejowy%2Frolkowy+SPORTREBEL+Bytom+-+\u0142y\u017cwy,+rolki,+ostrzenie+\u0142y\u017cew\/@50.3484915,18.8927856,15z\/data=!4m6!3m5!1s0x47112dd654de35b3:0x928cfa3f25c075f9!8m2!3d50.3484915!4d18.8927856!16s%2Fg%2F11sff4btz2\">Sprawd\u017a dojazd<\/a><\/div>\n<\/div>\n<\/div>\n\n\n\n<div class=\"wp-block-column is-layout-flow wp-block-column-is-layout-flow\">\n<figure class=\"wp-block-image size-large\"><img loading=\"lazy\" decoding=\"async\" width=\"1024\" height=\"768\" src=\"http:\/\/bytom.sportrebel.pl\/wp-content\/uploads\/2021\/12\/e4119ce4-8934-4cec-b83b-63b5af993d9f-1024x768.jpg\" alt=\"\" class=\"wp-image-333\" srcset=\"https:\/\/bytom.sportrebel.pl\/wp-content\/uploads\/2021\/12\/e4119ce4-8934-4cec-b83b-63b5af993d9f-1024x768.jpg 1024w, https:\/\/bytom.sportrebel.pl\/wp-content\/uploads\/2021\/12\/e4119ce4-8934-4cec-b83b-63b5af993d9f-300x225.jpg 300w, https:\/\/bytom.sportrebel.pl\/wp-content\/uploads\/2021\/12\/e4119ce4-8934-4cec-b83b-63b5af993d9f-768x576.jpg 768w, https:\/\/bytom.sportrebel.pl\/wp-content\/uploads\/2021\/12\/e4119ce4-8934-4cec-b83b-63b5af993d9f-1536x1152.jpg 1536w, https:\/\/bytom.sportrebel.pl\/wp-content\/uploads\/2021\/12\/e4119ce4-8934-4cec-b83b-63b5af993d9f.jpg 1600w\" sizes=\"auto, (max-width: 1024px) 100vw, 1024px\" \/><\/figure>\n<\/div>\n<\/div>\n\n\n\n<h1 class=\"wp-block-heading title-block title-slim\">Nie czekaj<br>i sprawd\u017a!<\/h1>\n\n\n\n<p class=\"has-text-align-center\">Mo\u017cesz te\u017c zam\u00f3wi\u0107 swoje \u0142y\u017cwy online<br>i odebra\u0107 towar osobi\u015bcie w naszym sklepie w Bytomiu<\/p>\n\n\n\n<div class=\"wp-block-buttons is-horizontal is-content-justification-center is-layout-flex wp-container-core-buttons-is-layout-499968f5 wp-block-buttons-is-layout-flex\">\n<div class=\"wp-block-button btnout is-style-outline is-style-outline--1\"><a class=\"wp-block-button__link wp-element-button\" href=\"tel:+48327973525\" style=\"border-radius:50px\"><span class=\"dashicons dashicons-phone\"><\/span> 327 973 526<\/a><\/div>\n<\/div>\n\n\n\n<div class=\"wp-block-buttons is-horizontal is-content-justification-center is-layout-flex wp-container-core-buttons-is-layout-499968f5 wp-block-buttons-is-layout-flex\">\n<div class=\"wp-block-button btnout\"><a class=\"wp-block-button__link wp-element-button\" href=\"http:\/\/www.sportrebel.pl\" style=\"border-radius:50px\"><span class=\"dashicons dashicons-admin-site-alt3\"><\/span> www.sportrebel.pl<\/a><\/div>\n<\/div>\n\n\n\n<div class=\"wp-block-columns trzy-obrazki is-layout-flex wp-container-core-columns-is-layout-9d6595d7 wp-block-columns-is-layout-flex\">\n<div class=\"wp-block-column trzy-obrazki-pierwszy is-layout-flow wp-block-column-is-layout-flow\">\n<figure class=\"wp-block-image size-large\"><img loading=\"lazy\" decoding=\"async\" width=\"1024\" height=\"748\" src=\"https:\/\/bytom.sportrebel.pl\/wp-content\/uploads\/2023\/10\/SesjaTempish-1024x748.webp\" alt=\"\" class=\"wp-image-386\" srcset=\"https:\/\/bytom.sportrebel.pl\/wp-content\/uploads\/2023\/10\/SesjaTempish-1024x748.webp 1024w, https:\/\/bytom.sportrebel.pl\/wp-content\/uploads\/2023\/10\/SesjaTempish-300x219.webp 300w, https:\/\/bytom.sportrebel.pl\/wp-content\/uploads\/2023\/10\/SesjaTempish-768x561.webp 768w, https:\/\/bytom.sportrebel.pl\/wp-content\/uploads\/2023\/10\/SesjaTempish-1536x1122.webp 1536w, https:\/\/bytom.sportrebel.pl\/wp-content\/uploads\/2023\/10\/SesjaTempish.webp 1987w\" sizes=\"auto, (max-width: 1024px) 100vw, 1024px\" \/><\/figure>\n<\/div>\n\n\n\n<div class=\"wp-block-column trzy-obrazki-drugi is-layout-flow wp-block-column-is-layout-flow\">\n<figure class=\"wp-block-image size-large\"><img loading=\"lazy\" decoding=\"async\" width=\"1024\" height=\"1024\" src=\"https:\/\/bytom.sportrebel.pl\/wp-content\/uploads\/2023\/10\/sesjazdjecie2-1024x1024.jpg\" alt=\"\" class=\"wp-image-387\" srcset=\"https:\/\/bytom.sportrebel.pl\/wp-content\/uploads\/2023\/10\/sesjazdjecie2-1024x1024.jpg 1024w, https:\/\/bytom.sportrebel.pl\/wp-content\/uploads\/2023\/10\/sesjazdjecie2-300x300.jpg 300w, https:\/\/bytom.sportrebel.pl\/wp-content\/uploads\/2023\/10\/sesjazdjecie2-150x150.jpg 150w, https:\/\/bytom.sportrebel.pl\/wp-content\/uploads\/2023\/10\/sesjazdjecie2-768x769.jpg 768w, https:\/\/bytom.sportrebel.pl\/wp-content\/uploads\/2023\/10\/sesjazdjecie2.jpg 1500w\" sizes=\"auto, (max-width: 1024px) 100vw, 1024px\" \/><\/figure>\n<\/div>\n\n\n\n<div class=\"wp-block-column trzy-obrazki-trzeci is-layout-flow wp-block-column-is-layout-flow\">\n<figure class=\"wp-block-image size-full\"><img loading=\"lazy\" decoding=\"async\" width=\"1707\" height=\"2560\" src=\"https:\/\/bytom.sportrebel.pl\/wp-content\/uploads\/2021\/10\/CN2_6056-1-scaled.jpg\" alt=\"\" class=\"wp-image-287\" srcset=\"https:\/\/bytom.sportrebel.pl\/wp-content\/uploads\/2021\/10\/CN2_6056-1-scaled.jpg 1707w, https:\/\/bytom.sportrebel.pl\/wp-content\/uploads\/2021\/10\/CN2_6056-1-200x300.jpg 200w, https:\/\/bytom.sportrebel.pl\/wp-content\/uploads\/2021\/10\/CN2_6056-1-683x1024.jpg 683w, https:\/\/bytom.sportrebel.pl\/wp-content\/uploads\/2021\/10\/CN2_6056-1-768x1152.jpg 768w, https:\/\/bytom.sportrebel.pl\/wp-content\/uploads\/2021\/10\/CN2_6056-1-1024x1536.jpg 1024w, https:\/\/bytom.sportrebel.pl\/wp-content\/uploads\/2021\/10\/CN2_6056-1-1365x2048.jpg 1365w\" sizes=\"auto, (max-width: 1707px) 100vw, 1707px\" \/><\/figure>\n<\/div>\n<\/div>\n<\/div><\/div>\n","protected":false},"excerpt":{"rendered":"<p>SportRebel Bytom Zapraszamy do specjalistycznego sklepu rolkowo\/\u0142y\u017cwowego SPORTREBEL BYTOM! Sklep oferuje najwi\u0119kszy wyb\u00f3r \u0142y\u017cew rekreacyjnych, hokejowych i dla dzieci, takich marek jak TEMPISH, Bauer, Edea, Risport, Rollerblade. Du\u017cy wyb\u00f3r rozmiar\u00f3w,fachowa obs\u0142ugai bezpieczne zakupy Je\u015bli masz pytania, skontaktuj si\u0119 z nami! Zapraszamy Lodowisko im. BraciNikodemowicz\u00f3wul. Kazimierza Pu\u0142askiego 71Telefon: +48 327 973 526 BEZP\u0141ATNY PARKING I WYGODNE &#8230; <a title=\"SportRebel Bytom\" class=\"read-more\" href=\"https:\/\/bytom.sportrebel.pl\/\" aria-label=\"More on SportRebel Bytom\">Czytaj dalej<\/a><\/p>\n","protected":false},"author":5,"featured_media":0,"parent":0,"menu_order":0,"comment_status":"closed","ping_status":"closed","template":"","meta":{"inline_featured_image":false,"footnotes":""},"class_list":["post-8","page","type-page","status-publish"],"_links":{"self":[{"href":"https:\/\/bytom.sportrebel.pl\/index.php\/wp-json\/wp\/v2\/pages\/8","targetHints":{"allow":["GET"]}}],"collection":[{"href":"https:\/\/bytom.sportrebel.pl\/index.php\/wp-json\/wp\/v2\/pages"}],"about":[{"href":"https:\/\/bytom.sportrebel.pl\/index.php\/wp-json\/wp\/v2\/types\/page"}],"author":[{"embeddable":true,"href":"https:\/\/bytom.sportrebel.pl\/index.php\/wp-json\/wp\/v2\/users\/5"}],"replies":[{"embeddable":true,"href":"https:\/\/bytom.sportrebel.pl\/index.php\/wp-json\/wp\/v2\/comments?post=8"}],"version-history":[{"count":95,"href":"https:\/\/bytom.sportrebel.pl\/index.php\/wp-json\/wp\/v2\/pages\/8\/revisions"}],"predecessor-version":[{"id":415,"href":"https:\/\/bytom.sportrebel.pl\/index.php\/wp-json\/wp\/v2\/pages\/8\/revisions\/415"}],"wp:attachment":[{"href":"https:\/\/bytom.sportrebel.pl\/index.php\/wp-json\/wp\/v2\/media?parent=8"}],"curies":[{"name":"wp","href":"https:\/\/api.w.org\/{rel}","templated":true}]}}